{"id":1230,"date":"2023-11-23T13:28:19","date_gmt":"2023-11-23T12:28:19","guid":{"rendered":"https:\/\/anavas.es\/associated-1900\/"},"modified":"2024-09-25T13:44:55","modified_gmt":"2024-09-25T11:44:55","slug":"associated-1900","status":"publish","type":"page","link":"https:\/\/anavas.es\/en\/associated-1900\/","title":{"rendered":"Associated since 1900"},"content":{"rendered":"\n<div class=\"container section-title-container\" ><h3 class=\"section-title section-title-normal\"><b><\/b><span class=\"section-title-main\" >Associated companies since 1900<\/span><b><\/b><\/h3><\/div>\n\n<table width=\"100%\">\n<tbody>\n<tr>\n<td width=\"33$\">\n<h3><strong>A<\/strong><\/h3>\n<\/td>\n<td width=\"33%\"> <\/td>\n<td width=\"33%\"> <\/td>\n<\/tr>\n<tr>\n<td width=\"33%\">A. de Ber\u00edncua y C\u00eda.<\/td><td width=\"33%\">Abraham Bendrao<\/td><td width=\"33%\">Achalandabaso Gazcue y C\u00eda.<\/td>\n<\/tr>\n<tr>\n<td width=\"33%\">Admor. Jud.del Vapor Ogo\u00f1o<\/td>\n<td width=\"33%\">Adolfo Ram\u00edrez Escudero<\/td><td width=\"33%\">Albafrigo, S.A.<\/td>\n<\/tr>\n<tr>\n<td width=\"33%\">Albo y Aranguren<\/td><td width=\"33%\">Aldecoa y C\u00eda.<\/td><td width=\"33%\">Alejandro Bengoechea<\/td>\n<\/tr>\n<tr>\n<td width=\"33%\">Alejandro Navajas<\/td><td width=\"33%\">Alfonso La\u00ednez Carri\u00f3n<\/td><td width=\"33%\">Altos Hornos de Vizcaya<\/td>\n<\/tr>\n<tr>\n<td width=\"33%\">Am\u00e9zola y C\u00eda.<\/td><td width=\"33%\">Angel Alvarez, S. en C.<\/td><td width=\"33%\">Angel de Gobeo<\/td>\n<\/tr>\n<tr>\n<td width=\"33%\">Angel F. P\u00e9rez<\/td><td width=\"33%\">Antonio Larrea<\/td><td width=\"33%\">Antonio Len\u00edz Bengoechea<\/td>\n<\/tr>\n<tr>\n<td width=\"33%\">Antonio Menchaca<\/td><td width=\"33%\">Antonio Moriy\u00f3n<\/td><td width=\"33%\">Antonio Vega de Seoane, S.A.<\/td>\n<\/tr>\n<tr>\n<td width=\"33%\">Arcadio D. de Corcuera<\/td><td width=\"33%\">Armadores de Cabotaje, S.A.<\/td><td width=\"33%\">Arrinda y Aguirre<\/td>\n<\/tr>\n<tr>\n<td width=\"33%\">Arrola y El\u00edas<\/td><td width=\"33%\">Arrola y Lafita<\/td><td width=\"33%\">Artaza, S. en C.<\/td>\n<\/tr>\n<tr>\n<td width=\"33%\">Artaza y C\u00eda, S.A.<\/td><td width=\"33%\">Arturo D. Tejeiro<\/td><td width=\"33%\">Astilleros Eraso, S. A.<\/td>\n<\/tr>\n<tr>\n<td width=\"33%\">Atl\u00e1ntico Shipping, S.L.<\/td><td width=\"33%\">Augusto Lajusticia<\/td><td width=\"33%\">Autoridad Portuaria de Bilbao<\/td>\n<\/tr>\n<tr>\n<td width=\"33%\">Auxiliar de Trns. Mar\u00edtimos,SA<\/td>\n<td width=\"33%\">Auxiliar Mar\u00edtima<\/td><td width=\"33%\">Avelino Filgueira<\/td>\n<\/tr>\n<tr>\n<td width=\"33%\">\n<h3><strong>B<\/strong><\/h3>\n<\/td>\n<td width=\"33%\"> <\/td>\n<td width=\"33%\"> <\/td>\n<\/tr>\n<tr>\n<td width=\"33%\">BenignoCollazo Barreira y C\u00eda.<\/td><td width=\"33%\">Berg\u00e9 y Compa\u00f1\u00eda<\/td><td width=\"33%\">Bernardo Escudero<\/td>\n<\/tr>\n<tr>\n<td width=\"33%\">Bilbao Plaza Mar\u00edtima, S.L.<\/td><td width=\"33%\">Bilbao Plaza Mar\u00edtima Shipping, S.L.<\/td><td width=\"33%\">Boluda Off-Shore, S.A.<\/td>\n<\/tr>\n<tr>\n<td width=\"33%\">B\u00f3llegui y Lerma<\/td><td width=\"33%\">BulkTrading, S.L.<\/td><td width=\"33%\">BW Epic Kosan<\/td>\n<\/tr>\n<tr>\n<td width=\"33%\">\n<h3><strong>C<\/strong><\/h3>\n<\/td>\n<td width=\"33%\"> <\/td>\n<td width=\"33%\"> <\/td>\n<\/tr>\n<tr>\n<td width=\"33%\">C. A. de Navegaci\u00f3n<\/td><td width=\"33%\">C. A. de Navegaci\u00f3n Izarra<\/td><td width=\"33%\">C. de Zabala<\/td>\n<\/tr>\n<tr>\n<td width=\"33%\">C. de Zunzunegui<\/td><td width=\"33%\">C.A. Monopolio de Petr\u00f3leos<\/td><td width=\"33%\">C.A. Naviera del Norte<\/td>\n<\/tr>\n<tr>\n<td width=\"33%\">C\u00e1ndido Blanco Varela<\/td><td width=\"33%\">Casimiro de Zunzunegui<\/td><td width=\"33%\">Castro y C\u00eda.<\/td>\n<\/tr>\n<tr>\n<td width=\"33%\">Catalana Mar\u00edtima, S.A.<\/td><td width=\"33%\">Cementos Rezola, S.A.<\/td><td width=\"33%\">Chemical (Spain), S.A.<\/td>\n<\/tr>\n<tr>\n<td width=\"33%\">C\u00eda Algorte\u00f1a de Navegaci\u00f3n<\/td><td width=\"33%\">C\u00eda Aurrer\u00e1<\/td><td width=\"33%\">C\u00eda Bilbaina de Navegaci\u00f3n<\/td>\n<\/tr>\n<tr>\n<td width=\"33%\">C\u00eda Cant\u00e1bria<\/td><td width=\"33%\">C\u00eda Cant\u00e1brica de Navegaci\u00f3n<\/td><td width=\"33%\">C\u00eda de Carbones Asturianos<\/td>\n<\/tr>\n<tr>\n<td width=\"33%\">C\u00eda de Navegaci\u00f3n Bat<\/td><td width=\"33%\">C\u00eda de Navegaci\u00f3n Bego\u00f1a<\/td><td width=\"33%\">C\u00eda de Navegaci\u00f3n Bengolea<\/td>\n<\/tr>\n<tr>\n<td width=\"33%\">C\u00eda de Navegaci\u00f3n General<\/td><td width=\"33%\">C\u00eda de Navegaci\u00f3n Vizcaya<\/td>\n<td width=\"33%\">C\u00eda de Navegacn. Internacional<\/td>\n<\/tr>\n<tr>\n<td width=\"33%\">C\u00eda del Marqu\u00e9s de Mudela<\/td><td width=\"33%\">C\u00eda del Vapor Arriluze<\/td><td width=\"33%\">C\u00eda del Vapor Berriz<\/td>\n<\/tr>\n<tr>\n<td width=\"33%\">C\u00eda del Vapor Bizkaia<\/td><td width=\"33%\">C\u00eda del Vapor Castro-Al\u00e9n<\/td><td width=\"33%\">C\u00eda del Vapor Charito<\/td>\n<\/tr>\n<tr>\n<td width=\"33%\">C\u00eda del Vapor Katali\u00f1<\/td><td width=\"33%\">C\u00eda del Vapor Menditarra<\/td><td width=\"33%\">C\u00eda del Vapor Nemrod<\/td>\n<\/tr>\n<tr>\n<td width=\"33%\">C\u00eda del Vapor Olazarri<\/td>\n<td width=\"33%\">C\u00eda Esp. Navg. Mar\u00edtima.<\/td>\n<td width=\"33%\">C\u00eda Ferrocarriles Vascongados<\/td>\n<\/tr>\n<tr>\n<td width=\"33%\">C\u00eda Florentino de Azqueta<\/td><td width=\"33%\">C\u00eda Gral. de Navegaci\u00f3n, S.A.<\/td><td width=\"33%\">C\u00eda La Actividad<\/td>\n<\/tr>\n<tr>\n<td width=\"33%\">C\u00eda La Flecha<\/td><td width=\"33%\">C\u00eda Mar\u00edtima Bilbao<\/td><td width=\"33%\">C\u00eda Mar\u00edtima del Nervi\u00f3n<\/td>\n<\/tr>\n<tr>\n<td width=\"33%\">C\u00eda Mar\u00edtima Elanchove<\/td><td width=\"33%\">C\u00eda Mar\u00edtima Espa\u00f1ola<\/td><td width=\"33%\">C\u00eda Mar\u00edtima Frutera, S.A.<\/td>\n<\/tr>\n<tr>\n<td width=\"33%\">C\u00eda Mar\u00edtima Ibay<\/td><td width=\"33%\">C\u00eda Mar\u00edtima Ib\u00e9rica<\/td><td width=\"33%\">C\u00eda Mar\u00edtima La Esperanza<\/td>\n<\/tr>\n<tr>\n<td width=\"33%\">C\u00eda Mar\u00edtima La Ola<\/td><td width=\"33%\">C\u00eda Mar\u00edtima Pasajes<\/td><td width=\"33%\">C\u00eda Mar\u00edtima Rodas<\/td>\n<\/tr>\n<tr>\n<td width=\"33%\">C\u00eda Mar\u00edtima Uni\u00f3n<\/td><td width=\"33%\">C\u00eda Naviera Basoa<\/td><td width=\"33%\">C\u00eda Naviera Amaya<\/td>\n<\/tr>\n<tr>\n<td width=\"33%\">C\u00eda Naviera Bachi<\/td><td width=\"33%\">C\u00eda Naviera Bidasoa<\/td><td width=\"33%\">C\u00eda Naviera Cant\u00e1brica, S.A.<\/td>\n<\/tr>\n<tr>\n<td width=\"33%\">C\u00eda Naviera Easo<\/td><td width=\"33%\">C\u00eda Naviera Euzkera<\/td><td width=\"33%\">C\u00eda Naviera Guipuzcoana<\/td>\n<\/tr>\n<tr>\n<td width=\"33%\">C\u00eda Naviera Iturri<\/td><td width=\"33%\">C\u00eda Naviera La Blanca<\/td><td width=\"33%\">C\u00eda Naviera La Encartada<\/td>\n<\/tr>\n<tr>\n<td width=\"33%\">C\u00eda Naviera La Estrella<\/td><td width=\"33%\">C\u00eda Naviera Mundaca<\/td><td width=\"33%\">C\u00eda Naviera Olazarri<\/td>\n<\/tr>\n<tr>\n<td width=\"33%\">C\u00eda Naviera Portillo e Iba\u00f1ez<\/td><td width=\"33%\">C\u00eda Naviera Sota y Aznar<\/td><td width=\"33%\">C\u00eda Naviera Uriarte<\/td>\n<\/tr>\n<tr>\n<td width=\"33%\">C\u00eda Naviera Valle<\/td><td width=\"33%\">C\u00eda Naviera Vascongada<\/td><td width=\"33%\">C\u00eda Restituto Azqueta<\/td>\n<\/tr>\n<tr>\n<td width=\"33%\">C\u00eda Santanderina de Navegaci\u00f3n.<\/td><td width=\"33%\">C\u00eda Santurzana de Navegaci\u00f3n<\/td><td width=\"33%\">C\u00eda Saracho y Menchaca<\/td>\n<\/tr>\n<tr>\n<td width=\"33%\">C\u00eda Sres. Sota y Aznar<\/td>\n<td width=\"33%\">C\u00eda Victor Ch\u00e1varri<\/td>\n<td width=\"33%\">C\u00eda. Int. de Pesca y Derivados<\/td>\n<\/tr>\n<tr>\n<td width=\"33%\">C\u00eda. Mar\u00edtima Cadagua<\/td>\n<td width=\"33%\">C\u00eda. Mar\u00edtima Frutera, S.A.<\/td>\n<td width=\"33%\">C\u00eda. Nav. Riva y Churruca, S.A<\/td>\n<\/tr>\n<tr>\n<td width=\"33%\">C\u00eda. Nav. Vapor Aurora<\/td>\n<td width=\"33%\">C\u00eda. Naviera del Norte<\/td>\n<td width=\"33%\">C\u00eda. Naviera Espa\u00f1ola<\/td>\n<\/tr>\n<tr>\n<td width=\"33%\">C\u00eda. Naviera Gijonesa<\/td>\n<td width=\"33%\">C\u00eda. Naviera Ori\u00f3n<\/td>\n<td width=\"33%\">C\u00eda. Trasatl\u00e1ntica, S.A.<\/td>\n<\/tr>\n<tr>\n<td width=\"33%\">C\u00edaVasco Cant\u00e1brica de Nav.<\/td>\n<td width=\"33%\">Clemente Campos y C\u00eda.<\/td>\n<td width=\"33%\">Constantino Zabala<\/td>\n<\/tr>\n<tr>\n<td width=\"33%\">Construcciones, S.L.<\/td><td width=\"33%\">Cr\u00e9dito de la Uni\u00f3n Minera<\/td><td width=\"33%\">Churruca Hermanos, S.A.<\/td>\n<\/tr>\n<tr>\n<td width=\"33%\">\n<h3><strong>D<\/strong><\/h3>\n<\/td>\n<td width=\"33%\"> <\/td>\n<td width=\"33%\"> <\/td>\n<\/tr>\n<tr>\n<td width=\"33%\">Daniel de Zubimendi<\/td><td width=\"33%\">Desiderio Mart\u00edn<\/td><td width=\"33%\">Domingo Mumbru<\/td>\n<\/tr>\n<tr>\n<td width=\"33%\">Domingo Royo<\/td><td width=\"33%\">D\u00fao y Compa\u00f1\u00eda<\/td>\n<td width=\"33%\"> <\/td>\n<\/tr>\n<tr>\n<td width=\"33%\">\n<h3><strong>E<\/strong><\/h3>\n<\/td>\n<td width=\"33%\"> <\/td>\n<td width=\"33%\"> <\/td>\n<\/tr>\n<tr>\n<td width=\"33%\">Eduardo de la Sota, S.A.<\/td><td width=\"33%\">Eduardo Viqueira Cor\u00e9s<\/td><td width=\"33%\">Eitzen Chemical Spain, S.A.<\/td>\n<\/tr>\n<tr>\n<td width=\"33%\">Emilio de Arriaga<\/td><td width=\"33%\">Empresa del Vapor A\u00f1orga<\/td><td width=\"33%\">Empresa Naviera Sevilla, S.A.<\/td>\n<\/tr>\n<tr>\n<td width=\"33%\">Enrique Goday<\/td><td width=\"33%\">Enrique R. Polledo<\/td><td width=\"33%\">Equimar Mar\u00edtima, S.A.<\/td>\n<\/tr>\n<tr>\n<td width=\"33%\">Estanislao Echave<\/td><td width=\"33%\">Eufemio Chacartegui<\/td><td width=\"33%\">Euronaves, S.A.<\/td>\n<\/tr>\n<tr>\n<td width=\"33%\">Extramar, S.A.<\/td>\n<td width=\"33%\"> <\/td>\n<td width=\"33%\"> <\/td>\n<\/tr>\n<tr>\n<td width=\"33%\">\n<h3><strong>F<\/strong><\/h3>\n<\/td>\n<td width=\"33%\"> <\/td>\n<td width=\"33%\"> <\/td>\n<\/tr>\n<tr>\n<td width=\"33%\">F\u00e1bricas de Moreda y Gij\u00f3n<\/td><td width=\"33%\">Federico de Echeverria e Hijos<\/td><td width=\"33%\">Federico Power<\/td>\n<\/tr>\n<tr>\n<td width=\"33%\">Felipe Artola Ja\u00faregui<\/td><td width=\"33%\">Fern\u00e1ndez y M\u00e9ndez<\/td><td width=\"33%\">Francisco Aldecoa<\/td>\n<\/tr>\n<tr>\n<td width=\"33%\">Francisco Andonaegui<\/td><td width=\"33%\">Francisco Chacartegui Arrinda<\/td><td width=\"33%\">Francisco GarC\u00eda\/td&gt;<\/td>\n<\/tr>\n<tr>\n<td width=\"33%\">\n<h3><strong>G<\/strong><\/h3>\n<\/td>\n<td width=\"33%\"> <\/td>\n<td width=\"33%\"> <\/td>\n<\/tr>\n<tr>\n<td width=\"33%\">Gabino Crusat Barnet<\/td><td width=\"33%\">Gabriel de Aguirre<\/td><td width=\"33%\">Gasnaval, S.A.<\/td>\n<\/tr>\n<tr>\n<td width=\"33%\">Gerardo de Yandiola<\/td><td width=\"33%\">Globalgas, S.A.<\/td><td width=\"33%\">G\u00f3mez y S\u00e1nchez<\/td>\n<\/tr>\n<tr>\n<td width=\"33%\">Gregorio Vigil Escalera<\/td><td width=\"33%\">Guti\u00e9rrez y Otero<\/td>\n<td width=\"33%\"> <\/td>\n<\/tr>\n<tr>\n<td width=\"33%\">\n<h3><strong>H<\/strong><\/h3>\n<\/td>\n<td width=\"33%\"> <\/td>\n<td width=\"33%\"> <\/td>\n<\/tr>\n<tr>\n<td width=\"33%\">Herederos de T. Ulacia<\/td><td width=\"33%\">Hern\u00e1ndez Mendirichaga y C\u00eda.<\/td><td width=\"33%\">Hijos de A. P\u00e9rez y C\u00eda.<\/td>\n<\/tr>\n<tr>\n<td width=\"33%\">Hijos de G. Escudero<\/td><td width=\"33%\">Hijos de J.M. Rezola y C\u00eda.<\/td><td width=\"33%\">Hijos de Mendiguren<\/td>\n<\/tr>\n<tr>\n<td width=\"33%\">Hnos. Pero-Sainz<\/td>\n<td width=\"33%\"> <\/td>\n<td width=\"33%\"> <\/td>\n<\/tr>\n<tr>\n<td width=\"33%\">\n<h3><strong>I<\/strong><\/h3>\n<\/td>\n<td width=\"33%\"> <\/td>\n<td width=\"33%\"> <\/td>\n<\/tr>\n<tr>\n<td width=\"33%\">Ibaizabal-Petronor, S.A.<\/td><td width=\"33%\">Ibaizabal Management Services, S.L.<\/td><td width=\"33%\">Iberia West Africa Line, S.L.<\/td>\n<\/tr>\n<tr>\n<td width=\"33%\">Ildefonso Irala<\/td>\n<td width=\"33%\">Ind. Pesqueras Africanas, S.A.<\/td>\n<td width=\"33%\">Isaac Asteinza<\/td>\n<\/tr>\n<tr>\n<td width=\"33%\">Itsas Gas Bunker Supply, S.L.<\/td>\n<td width=\"33%\"> <\/td>\n<td width=\"33%\"> <\/td>\n<\/tr>\n<tr>\n<td width=\"33%\">\n<h3><strong>J<\/strong><\/h3>\n<\/td>\n<td width=\"33%\"> <\/td>\n<td width=\"33%\"> <\/td>\n<\/tr>\n<tr>\n<td width=\"33%\">J. Bernaldo de Quir\u00f3s<\/td><td width=\"33%\">J. Garrig\u00f3s e Hijos<\/td><td width=\"33%\">J.Agust\u00edn Mutiozabal<\/td>\n<\/tr>\n<tr>\n<td width=\"33%\">J.M. de Urquijo y C\u00eda.<\/td><td width=\"33%\">Jacinto Su\u00e1rez<\/td><td width=\"33%\">Joaqu\u00edn D\u00e1vila Rom\u00e1n<\/td>\n<\/tr>\n<tr>\n<td width=\"33%\">Joaqu\u00edn Lizasoain<\/td><td width=\"33%\">Joaqu\u00edn Pereira Andr\u00e9<\/td><td width=\"33%\">Joaqu\u00edn Velasco y Mart\u00edn<\/td>\n<\/tr>\n<tr>\n<td width=\"33%\">Jos\u00e9 Calder\u00f3n GarC\u00eda<\/td><td width=\"33%\">Jos\u00e9 de Guezuraga<\/td><td width=\"33%\">Jos\u00e9 de Navas Escudero<\/td>\n<\/tr>\n<tr>\n<td width=\"33%\">Jos\u00e9 de Uribarri<\/td><td width=\"33%\">Jos\u00e9 de Zarauz y Aguirre<\/td><td width=\"33%\">Jos\u00e9 Legarra<\/td>\n<\/tr>\n<tr>\n<td width=\"33%\">Jos\u00e9 Llorente<\/td><td width=\"33%\">Jos\u00e9 Mar\u00eda Ber\u00e1stegui<\/td><td width=\"33%\">Jos\u00e9 Mar\u00eda Scala<\/td>\n<\/tr>\n<tr>\n<td width=\"33%\">Jos\u00e9 P\u00e9rez Lorenzo<\/td><td width=\"33%\">Jos\u00e9 Su\u00e1rez<\/td><td width=\"33%\">Juan Fla\u00f1o<\/td>\n<\/tr>\n<tr>\n<td width=\"33%\">Juan L. de Ansoleaga<\/td><td width=\"33%\">Juan L. Prado<\/td>\n<td width=\"33%\"> <\/td>\n<\/tr>\n<tr>\n<td width=\"33%\">\n<h3><strong>K<\/strong><\/h3>\n<\/td>\n<td width=\"33%\"> <\/td>\n<td width=\"33%\"> <\/td>\n<\/tr>\n<tr>\n<td width=\"33%\">\n<h3><strong>L<\/strong><\/h3>\n<\/td>\n<td width=\"33%\"> <\/td>\n<td width=\"33%\"> <\/td>\n<\/tr>\n<tr>\n<td width=\"33%\">L. Benito del Valle<\/td><td width=\"33%\">La Papelera Espa\u00f1ola, S.A.<\/td><td width=\"33%\">La Previsora Naval, S.A.<\/td>\n<\/tr>\n<tr>\n<td width=\"33%\">Ladislao Mu\u00f1iz Alvargonz\u00e1lez<\/td><td width=\"33%\">Lauritzen Kosan<\/td><td width=\"33%\">Leandro Jard\u00f3n<\/td>\n<\/tr>\n<tr>\n<td width=\"33%\">Le\u00f3n Ocamica<\/td><td width=\"33%\">L\u00ednea de Vapores Serra<\/td><td width=\"33%\">Loidi Su\u00e1rez y C\u00eda.<\/td>\n<\/tr>\n<tr>\n<td width=\"33%\">Luis de Otero<\/td><td width=\"33%\">Luis Lia\u00f1o, S. en C.<\/td><td width=\"33%\">Luis Vald\u00e9s Cavanilles<\/td>\n<\/tr>\n<tr>\n<td width=\"33%\">\n<h3><strong>M<\/strong><\/h3>\n<\/td>\n<td width=\"33%\"> <\/td>\n<td width=\"33%\"> <\/td>\n<\/tr>\n<tr>\n<td width=\"33%\">M. Calder\u00f3n, Romero y C\u00eda.<\/td>\n<td width=\"33%\">M. Castellanos y C\u00eda.<\/td>\n<td width=\"33%\">Mancomd. del Vapor Frumiz<\/td>\n<\/tr>\n<tr>\n<td width=\"33%\">Manuel Herrera, S. en C.<\/td><td width=\"33%\">Manuel Insua<\/td><td width=\"33%\">Manuel Prieto Lav\u00edn<\/td>\n<\/tr>\n<tr>\n<td width=\"33%\">Mariano de la Torre<\/td><td width=\"33%\">Mariano del Rio y C\u00eda.Ltd.<\/td><td width=\"33%\">Mar\u00edtima Abra<\/td>\n<\/tr>\n<tr>\n<td width=\"33%\">Mar\u00edtima Acamar, S.A.<\/td><td width=\"33%\">Mar\u00edtima Andaluza, S.A.<\/td><td width=\"33%\">Mar\u00edtima Astur<\/td>\n<\/tr>\n<tr>\n<td width=\"33%\">Mar\u00edtima Bilbao Shipping, S.A.<\/td><td width=\"33%\">Mar\u00edtima de Camargo, S.A.<\/td><td width=\"33%\">Mar\u00edtima del Gran Bilbao, S.A.<\/td>\n<\/tr>\n<tr>\n<td width=\"33%\">Mar\u00edtima del Norte, S.A.<\/td><td width=\"33%\">Marpesca, S.A.<\/td><td width=\"33%\">Marqu\u00e9s del Real Socorro<\/td>\n<\/tr>\n<tr>\n<td width=\"33%\">Mart\u00ednez y Goicoechea<\/td><td width=\"33%\">Maura y Aresti<\/td>\n<td width=\"33%\">Mendialdua y C\u00eda. Ltd.<\/td>\n<\/tr>\n<tr>\n<td width=\"33%\">Mendiguren y Zaballa<\/td><td width=\"33%\">Miguel de Aguirre<\/td><td width=\"33%\">Miguel Orozco Achaerandio<\/td>\n<\/tr>\n<tr>\n<td width=\"33%\">Mi\u00f1o, S.A.<\/td><td width=\"33%\">Modesto Pi\u00f1eiro y C\u00eda.<\/td><td width=\"33%\">Mureloil, S.A.<\/td>\n<\/tr>\n<tr>\n<td width=\"33%\">\n<h3><strong>N<\/strong><\/h3>\n<\/td>\n<td width=\"33%\"> <\/td>\n<td width=\"33%\"> <\/td>\n<\/tr>\n<tr>\n<td width=\"33%\">Nav. Forestal de Guinea, S.A.<\/td>\n<td width=\"33%\">Nav. Frigor\u00edfica Plasencia, S.A.<\/td>\n<td width=\"33%\">Naviera Arenas, S.A.<\/td>\n<\/tr>\n<tr>\n<td width=\"33%\">Naviera Artola, S.A.<\/td><td width=\"33%\">Naviera As\u00f3n, S.A.<\/td><td width=\"33%\">Naviera Astorqui, S.A.<\/td>\n<\/tr>\n<tr>\n<td width=\"33%\">Naviera Aznar, S.A.<\/td><td width=\"33%\">Naviera Baracaldo<\/td><td width=\"33%\">Naviera Basconia, S.L.<\/td>\n<\/tr>\n<tr>\n<td width=\"33%\">Naviera Bilbaina, S.A.<\/td><td width=\"33%\">Naviera Compostela, S.A.<\/td><td width=\"33%\">Naviera Continental, S.A.<\/td>\n<\/tr>\n<tr>\n<td width=\"33%\">Naviera de Cruceros, S.A.<\/td><td width=\"33%\">Naviera de Exp.Agr\u00edcola, S.A.<\/td><td width=\"33%\">Naviera del Cant\u00e1brico<\/td>\n<\/tr>\n<tr>\n<td width=\"33%\">Naviera del Odiel, S.A.<\/td><td width=\"33%\">Naviera Dirman, S.A.<\/td><td width=\"33%\">Naviera Eco, S.A.<\/td>\n<\/tr>\n<tr>\n<td width=\"33%\">Naviera Euromar, S.A.<\/td><td width=\"33%\">Naviera Forestal Africana, S.A.<\/td><td width=\"33%\">Naviera Galdar, S.A.<\/td>\n<\/tr>\n<tr>\n<td width=\"33%\">Naviera Galea, S.A.<\/td><td width=\"33%\">Naviera GarC\u00eda Mi\u00f1aur, S.A.<\/td><td width=\"33%\">Naviera Guezuraga, S.A.<\/td>\n<\/tr>\n<tr>\n<td width=\"33%\">Naviera Hispania, S.A.<\/td><td width=\"33%\">Naviera Ibaizabal, S.A.<\/td><td width=\"33%\">Naviera Jaizkibel, S.A.<\/td>\n<\/tr>\n<tr>\n<td width=\"33%\">Naviera Jata, S.A.<\/td><td width=\"33%\">Naviera Lagos, S.A.<\/td><td width=\"33%\">Naviera Letasa, S.A.<\/td>\n<\/tr>\n<tr>\n<td width=\"33%\">Naviera Luis de Otero, S.A.<\/td><td width=\"33%\">Naviera Medina, S.A.<\/td><td width=\"33%\">Naviera Monta\u00f1esa, S.A.<\/td>\n<\/tr>\n<tr>\n<td width=\"33%\">Naviera Mtz.Rivas,S.A.<\/td><td width=\"33%\">Naviera Murueta, S.A.<\/td><td width=\"33%\">Naviera Oce\u00e1nica, S.A.<\/td>\n<\/tr>\n<tr>\n<td width=\"33%\">Naviera Pasai, S.A.<\/td><td width=\"33%\">Naviera Peninsular, S.A.<\/td><td width=\"33%\">Naviera Pereda, S.A.<\/td>\n<\/tr>\n<tr>\n<td width=\"33%\">Naviera Pinillos<\/td><td width=\"33%\">Naviera Proa, S.A.<\/td><td width=\"33%\">Naviera Qu\u00edmica, S.A.<\/td>\n<\/tr>\n<tr>\n<td width=\"33%\">Naviera Serna, S.A.<\/td><td width=\"33%\">Naviera Sota Cant\u00e1brico, S.A.<\/td><td width=\"33%\">Naviera Toro y Betolaza, S.A.<\/td>\n<\/tr>\n<tr>\n<td width=\"33%\">Naviera Uralar, S.A.<\/td><td width=\"33%\">Naviera Vasco Gaditana, S.A.<\/td><td width=\"33%\">Naviera Vasco Gallega, S.A.<\/td>\n<\/tr>\n<tr>\n<td width=\"33%\">Naviera Vizcaina, S.A.<\/td><td width=\"33%\">Naviera Zabat, S.A.<\/td><td width=\"33%\">Nicol\u00e1s Areso<\/td>\n<\/tr>\n<tr>\n<td width=\"33%\">Nueva Monta\u00f1a, S.A.<\/td>\n<td width=\"33%\"> <\/td>\n<td width=\"33%\"> <\/td>\n<\/tr>\n<tr>\n<td width=\"33%\">\n<h3><strong>O<\/strong><\/h3>\n<\/td>\n<td width=\"33%\"> <\/td>\n<td width=\"33%\"> <\/td>\n<\/tr>\n<tr>\n<td width=\"33%\">OCH Mar\u00edtima, S.A.<\/td><td width=\"33%\">Off-Shore Espa\u00f1a, S.A.<\/td><td width=\"33%\">Olaso y Paquet<\/td>\n<\/tr>\n<tr>\n<td width=\"33%\">Olaveaga, S.A.<\/td><td width=\"33%\">Ormazabal, Olaizola y C\u00eda.<\/td><td width=\"33%\">Oronaves, S.A.<\/td>\n<\/tr>\n<tr>\n<td width=\"33%\">\n<h3><strong>P<\/strong><\/h3>\n<\/td>\n<td width=\"33%\"> <\/td>\n<td width=\"33%\"> <\/td>\n<\/tr>\n<tr>\n<td width=\"33%\">Palma, S.A. de Navegaci\u00f3n<\/td><td width=\"33%\">Pedro M. de Vigueira y C\u00eda.<\/td><td width=\"33%\">Pedro P\u00e9rez de Gante<\/td>\n<\/tr>\n<tr>\n<td width=\"33%\">P\u00e9rez e Iglesias<\/td><td width=\"33%\">Pesq.ySec.Bacalao de Espa\u00f1a<\/td><td width=\"33%\">Petronor, S.A.<\/td>\n<\/tr>\n<tr>\n<td width=\"33%\">Portals Hnos. y Sobrinos<\/td>\n<td width=\"33%\"> <\/td>\n<td width=\"33%\"> <\/td>\n<\/tr>\n<tr>\n<td width=\"33%\">\n<h3><strong>Q<\/strong><\/h3>\n<\/td>\n<td width=\"33%\"> <\/td>\n<td width=\"33%\"> <\/td>\n<\/tr>\n<tr>\n<td width=\"33%\">\n<h3><strong>R<\/strong><\/h3>\n<\/td>\n<td width=\"33%\"> <\/td>\n<td width=\"33%\"> <\/td>\n<\/tr>\n<tr>\n<td width=\"33%\">Ram\u00f3n de Olalde<\/td><td width=\"33%\">Remolques Mar\u00edtimos, S.A.<\/td><td width=\"33%\">Repsol-Naviera Vizcaina, S.A.<\/td>\n<\/tr>\n<tr>\n<td width=\"33%\">Rodia Cantabricae, S.L.<\/td><td width=\"33%\">Rogelio Ferreiros<\/td><td width=\"33%\">Romualdo Alvargonz\u00e1lez, S.A.<\/td>\n<\/tr>\n<tr>\n<td width=\"33%\">Romualdo Andoanegui<\/td><td width=\"33%\">Rosal\u00edo Malaxaechevarria<\/td>\n<td width=\"33%\"> <\/td>\n<\/tr>\n<tr>\n<td width=\"33%\">\n<h3><strong>S<\/strong><\/h3>\n<\/td>\n<td width=\"33%\"> <\/td>\n<td width=\"33%\"> <\/td>\n<\/tr>\n<tr>\n<td width=\"33%\">S. Echevarrieta y Larrinaga<\/td><td width=\"33%\">S. Espa\u00f1ola de Navegaci\u00f3n<\/td><td width=\"33%\">S.B.C. Container Lines, S.A.<\/td>\n<\/tr>\n<tr>\n<td width=\"33%\">S.E.I.D.A. Navegaci\u00f3n<\/td><td width=\"33%\">S.Naviero-VeleraLa Semana<\/td><td width=\"33%\">S\u00e1inz e Inchaustegui (D.F.)<\/td>\n<\/tr>\n<tr>\n<td width=\"33%\">Santa B\u00e1rbara, S.A.<\/td><td width=\"33%\">Santiago de Renteria<\/td><td width=\"33%\">Shoreoff Invest Bermuda, ltd.<\/td>\n<\/tr>\n<tr>\n<td width=\"33%\">Soc.Esp. de la Dinamita<\/td>\n<td width=\"33%\">Sociedad del Velero Espa\u00f1a<\/td><td width=\"33%\">Sociedad Mar\u00edtima de Vizcaya<\/td>\n<\/tr>\n<tr>\n<td width=\"33%\">Sociedad Minera de Villaodrid<\/td><td width=\"33%\">Sociedad Naviera Elcano<\/td><td width=\"33%\">Sociedad Ocharan y Aburto<\/td>\n<\/tr>\n<tr>\n<td width=\"33%\">Sociedad Uribe y Eguiraun<\/td><td width=\"33%\">Solano y Yarza<\/td>\n<td width=\"33%\"> <\/td>\n<\/tr>\n<tr>\n<td width=\"33%\">\n<h3><strong>T<\/strong><\/h3>\n<\/td>\n<td width=\"33%\"> <\/td>\n<td width=\"33%\"> <\/td>\n<\/tr>\n<tr>\n<td width=\"33%\">Teodoro Seebold<\/td><td width=\"33%\">Tom\u00e1s Ru\u00edz de Velasco<\/td><td width=\"33%\">Tr\u00e1ficos Navieros, S.A.<\/td>\n<\/tr>\n<tr>\n<td width=\"33%\">Transportes Navales, S.A.<\/td><td width=\"33%\">Trueba y Pardo<\/td>\n<td width=\"33%\"> <\/td>\n<\/tr>\n<tr>\n<td width=\"33%\">\n<h3><strong>U<\/strong><\/h3>\n<\/td>\n<td width=\"33%\"> <\/td>\n<td width=\"33%\"> <\/td>\n<\/tr>\n<tr>\n<td width=\"33%\">Ulpiano Buhigas Abad<\/td><td width=\"33%\">Uresandi y Goiricelaya<\/td><td width=\"33%\">Uriarte y C\u00eda.<\/td>\n<\/tr>\n<tr>\n<td width=\"33%\">Urola Shipping<\/td><td width=\"33%\">Ustara y Leal<\/td>\n<td width=\"33%\"> <\/td>\n<\/tr>\n<tr>\n<td width=\"33%\">\n<h3><strong>V<\/strong><\/h3>\n<\/td>\n<td width=\"33%\"> <\/td>\n<td width=\"33%\"> <\/td>\n<\/tr>\n<tr>\n<td width=\"33%\">Vapores Costeros, S.A.<\/td><td width=\"33%\">Vasco Madrile\u00f1a de Nav., S.A.<\/td>\n<td width=\"33%\">Vda. de D. C. Cobos<\/td>\n<\/tr>\n<tr>\n<td width=\"33%\">Vda. de D. Felipe Astorqui<\/td>\n<td width=\"33%\">Vda. de D.Enrique Illueca<\/td>\n<td width=\"33%\">Vicente Su\u00e1rez y C\u00eda.<\/td>\n<\/tr>\n<tr>\n<td width=\"33%\">Victor Cardenal<\/td><td width=\"33%\">Victoriano Garay<\/td>\n<td width=\"33%\"> <\/td>\n<\/tr>\n<tr>\n<td width=\"33%\">\n<h3><strong>W<\/strong><\/h3>\n<\/td>\n<td width=\"33%\"> <\/td>\n<td width=\"33%\"> <\/td>\n<\/tr>\n<tr>\n<td width=\"33%\">W. Rodr\u00edguez y D. L\u00f3pez<\/td><td width=\"33%\">Wenceslao Gonz\u00e1lez Garra<\/td>\n<td width=\"33%\"> <\/td>\n<\/tr>\n<tr>\n<td width=\"33%\">\n<h3><strong>X<\/strong><\/h3>\n<\/td>\n<td width=\"33%\"> <\/td>\n<td width=\"33%\"> <\/td>\n<\/tr>\n<tr>\n<td width=\"33%\">\n<h3><strong>Y<\/strong><\/h3>\n<\/td>\n<td width=\"33%\"> <\/td>\n<td width=\"33%\"> <\/td>\n<\/tr>\n<tr>\n<td width=\"33%\">Ybarra y C\u00eda. , S. en C.<\/td>\n<td width=\"33%\"> <\/td>\n<td width=\"33%\"> <\/td>\n<\/tr>\n<tr>\n<td width=\"33%\">\n<h3><strong>Z<\/strong><\/h3>\n<\/td>\n<td width=\"33%\"> <\/td>\n<td width=\"33%\"> <\/td>\n<\/tr>\n<tr>\n<td width=\"33%\">Zabala, Goitia y C\u00eda.<\/td><td width=\"33%\">Zacar\u00edas Lecumberri<\/td><td width=\"33%\">Zugadi y C\u00eda.<\/td>\n<\/tr>\n<tr>\n<td width=\"33%\">Zurriarain y C\u00eda.<\/td>\n<td width=\"33%\"> <\/td>\n<td width=\"33%\"> <\/td>\n<\/tr>\n<\/tbody>\n<\/table>\n\n","protected":false},"excerpt":{"rendered":"","protected":false},"author":1,"featured_media":0,"parent":0,"menu_order":0,"comment_status":"closed","ping_status":"closed","template":"","meta":{"footnotes":""},"class_list":["post-1230","page","type-page","status-publish","hentry"],"_links":{"self":[{"href":"https:\/\/anavas.es\/en\/wp-json\/wp\/v2\/pages\/1230","targetHints":{"allow":["GET"]}}],"collection":[{"href":"https:\/\/anavas.es\/en\/wp-json\/wp\/v2\/pages"}],"about":[{"href":"https:\/\/anavas.es\/en\/wp-json\/wp\/v2\/types\/page"}],"author":[{"embeddable":true,"href":"https:\/\/anavas.es\/en\/wp-json\/wp\/v2\/users\/1"}],"replies":[{"embeddable":true,"href":"https:\/\/anavas.es\/en\/wp-json\/wp\/v2\/comments?post=1230"}],"version-history":[{"count":2,"href":"https:\/\/anavas.es\/en\/wp-json\/wp\/v2\/pages\/1230\/revisions"}],"predecessor-version":[{"id":2170,"href":"https:\/\/anavas.es\/en\/wp-json\/wp\/v2\/pages\/1230\/revisions\/2170"}],"wp:attachment":[{"href":"https:\/\/anavas.es\/en\/wp-json\/wp\/v2\/media?parent=1230"}],"curies":[{"name":"wp","href":"https:\/\/api.w.org\/{rel}","templated":true}]}}